{"id":33,"date":"2018-07-17T09:17:02","date_gmt":"2018-07-17T09:17:02","guid":{"rendered":"http:\/\/10.11.12.14\/?page_id=33"},"modified":"2018-09-20T08:10:24","modified_gmt":"2018-09-20T08:10:24","slug":"about","status":"publish","type":"page","link":"https:\/\/forzaba.crmgu.ru\/en\/about\/","title":{"rendered":"About"},"content":{"rendered":"<p class=\"qtranxs-available-languages-message qtranxs-available-languages-message-en\">Sorry, this entry is only available in <a href=\"https:\/\/forzaba.crmgu.ru\/ba\/wp-json\/wp\/v2\/pages\/33\" class=\"qtranxs-available-language-link qtranxs-available-language-link-ba\" title=\"Bosnian\">Bosnian<\/a>. For the sake of viewer convenience, the content is shown below in the alternative language. You may click the link to switch the active language.<\/p><p>Digital Finance International dio je Finstar finansijske grupe i posluje u Bosni i Hercegovini od 2016 godine, ali i na svim razvijenim tr\u017ei\u0161tima Evrope, Azije, SAD i CIS-a. Na\u0161a finansijska grupacija primjenjuje najnovija i najnaprednija tehni\u010dka rje\u0161enja na polju informati\u010dkih tehnologija, kako bi Ti omogu\u0107ila pristup tehnolo\u0161ki najnaprednijim proizvodima iz oblasti finansiranja potro\u0161nje. Vizija na\u0161eg poslovanja je pove\u0107anje zadovoljstva krajnjih korisnika finansijskih usluga kroz pojednostavljen pristup finansijskim sredstvima te vrhunsko zadovoljstvo uslugom. Stalna te\u017enja ka unapre\u0111enju tehnolo\u0161kih procesa nam obezbje\u0111uje visok stepen automatizacije i sigurnosti na\u0161eg procesa, od apliciranja preko odobravanja do isplate na\u0161ih kredita. Kao rezultat na\u0161eg izra\u017eenog fokusa na fleksibilnost i prilago\u0111avanje potrebama krajnjih korisnika na\u0161i se proizvodi i usluge u sve ve\u0107oj mjeri koriste kao primarni izvor kratkoro\u010dnog zadu\u017eivanja kako u Bosni i Hercegovini tako i u svijetu. Na tome smo Ti zahvalni kao i desetinama hiljada na\u0161ih stalnih korisnika u Bosni i Hercegovini. Zato \u0107emo i dalje kao odgovoran zajmodavac nastaviti graditi dugoro\u010dne odnose s na\u0161im klijentima, poma\u017eu\u0107i im u rje\u0161avanju svih vrsta finansijskih problema.<\/p>\n<p>Digital Finance International!<\/p>","protected":false},"excerpt":{"rendered":"<p>Sorry, this entry is only available in Bosnian. For the sake of viewer convenience, the content is shown below in the alternative language. You may click the link to switch the active language.Digital Finance International dio je Finstar finansijske grupe i posluje u Bosni i Hercegovini od 2016 godine, ali i na svim razvijenim tr\u017ei\u0161tima [&hellip;]<\/p>\n","protected":false},"author":1,"featured_media":0,"parent":0,"menu_order":13,"comment_status":"closed","ping_status":"closed","template":"page-about.php","meta":[],"acf":[],"yoast_head":"<!-- This site is optimized with the Yoast SEO plugin v19.4 - https:\/\/yoast.com\/wordpress\/plugins\/seo\/ -->\n<title>About - Forza<\/title>\n<meta name=\"robots\" content=\"index, follow, max-snippet:-1, max-image-preview:large, max-video-preview:-1\" \/>\n<link rel=\"canonical\" href=\"https:\/\/forzaba.crmgu.ru\/en\/about\/\" \/>\n<meta property=\"og:locale\" content=\"en_US\" \/>\n<meta property=\"og:type\" content=\"article\" \/>\n<meta property=\"og:title\" content=\"About - Forza\" \/>\n<meta property=\"og:description\" content=\"Sorry, this entry is only available in Bosnian. For the sake of viewer convenience, the content is shown below in the alternative language. You may click the link to switch the active language.Digital Finance International dio je Finstar finansijske grupe i posluje u Bosni i Hercegovini od 2016 godine, ali i na svim razvijenim tr\u017ei\u0161tima [&hellip;]\" \/>\n<meta property=\"og:url\" content=\"https:\/\/forzaba.crmgu.ru\/en\/about\/\" \/>\n<meta property=\"og:site_name\" content=\"Forza\" \/>\n<meta property=\"article:modified_time\" content=\"2018-09-20T08:10:24+00:00\" \/>\n<meta name=\"twitter:card\" content=\"summary\" \/>\n<meta name=\"twitter:label1\" content=\"Est. reading time\" \/>\n\t<meta name=\"twitter:data1\" content=\"1 minute\" \/>\n<script type=\"application\/ld+json\" class=\"yoast-schema-graph\">{\"@context\":\"https:\/\/schema.org\",\"@graph\":[{\"@type\":\"WebSite\",\"@id\":\"https:\/\/forzaba.crmgu.ru\/#website\",\"url\":\"https:\/\/forzaba.crmgu.ru\/\",\"name\":\"Forza\",\"description\":\"Just another site\",\"potentialAction\":[{\"@type\":\"SearchAction\",\"target\":{\"@type\":\"EntryPoint\",\"urlTemplate\":\"https:\/\/forzaba.crmgu.ru\/?s={search_term_string}\"},\"query-input\":\"required name=search_term_string\"}],\"inLanguage\":\"en-US\"},{\"@type\":\"WebPage\",\"@id\":\"https:\/\/forzaba.crmgu.ru\/en\/about\/\",\"url\":\"https:\/\/forzaba.crmgu.ru\/en\/about\/\",\"name\":\"About - Forza\",\"isPartOf\":{\"@id\":\"https:\/\/forzaba.crmgu.ru\/#website\"},\"datePublished\":\"2018-07-17T09:17:02+00:00\",\"dateModified\":\"2018-09-20T08:10:24+00:00\",\"breadcrumb\":{\"@id\":\"https:\/\/forzaba.crmgu.ru\/en\/about\/#breadcrumb\"},\"inLanguage\":\"en-US\",\"potentialAction\":[{\"@type\":\"ReadAction\",\"target\":[\"https:\/\/forzaba.crmgu.ru\/en\/about\/\"]}]},{\"@type\":\"BreadcrumbList\",\"@id\":\"https:\/\/forzaba.crmgu.ru\/en\/about\/#breadcrumb\",\"itemListElement\":[{\"@type\":\"ListItem\",\"position\":1,\"name\":\"Home\",\"item\":\"https:\/\/forzaba.crmgu.ru\/\"},{\"@type\":\"ListItem\",\"position\":2,\"name\":\"About\"}]}]}<\/script>\n<!-- \/ Yoast SEO plugin. -->","yoast_head_json":{"title":"About - Forza","robots":{"index":"index","follow":"follow","max-snippet":"max-snippet:-1","max-image-preview":"max-image-preview:large","max-video-preview":"max-video-preview:-1"},"canonical":"https:\/\/forzaba.crmgu.ru\/en\/about\/","og_locale":"en_US","og_type":"article","og_title":"About - Forza","og_description":"Sorry, this entry is only available in Bosnian. For the sake of viewer convenience, the content is shown below in the alternative language. You may click the link to switch the active language.Digital Finance International dio je Finstar finansijske grupe i posluje u Bosni i Hercegovini od 2016 godine, ali i na svim razvijenim tr\u017ei\u0161tima [&hellip;]","og_url":"https:\/\/forzaba.crmgu.ru\/en\/about\/","og_site_name":"Forza","article_modified_time":"2018-09-20T08:10:24+00:00","twitter_card":"summary","twitter_misc":{"Est. reading time":"1 minute"},"schema":{"@context":"https:\/\/schema.org","@graph":[{"@type":"WebSite","@id":"https:\/\/forzaba.crmgu.ru\/#website","url":"https:\/\/forzaba.crmgu.ru\/","name":"Forza","description":"Just another site","potentialAction":[{"@type":"SearchAction","target":{"@type":"EntryPoint","urlTemplate":"https:\/\/forzaba.crmgu.ru\/?s={search_term_string}"},"query-input":"required name=search_term_string"}],"inLanguage":"en-US"},{"@type":"WebPage","@id":"https:\/\/forzaba.crmgu.ru\/en\/about\/","url":"https:\/\/forzaba.crmgu.ru\/en\/about\/","name":"About - Forza","isPartOf":{"@id":"https:\/\/forzaba.crmgu.ru\/#website"},"datePublished":"2018-07-17T09:17:02+00:00","dateModified":"2018-09-20T08:10:24+00:00","breadcrumb":{"@id":"https:\/\/forzaba.crmgu.ru\/en\/about\/#breadcrumb"},"inLanguage":"en-US","potentialAction":[{"@type":"ReadAction","target":["https:\/\/forzaba.crmgu.ru\/en\/about\/"]}]},{"@type":"BreadcrumbList","@id":"https:\/\/forzaba.crmgu.ru\/en\/about\/#breadcrumb","itemListElement":[{"@type":"ListItem","position":1,"name":"Home","item":"https:\/\/forzaba.crmgu.ru\/"},{"@type":"ListItem","position":2,"name":"About"}]}]}},"_links":{"self":[{"href":"https:\/\/forzaba.crmgu.ru\/en\/wp-json\/wp\/v2\/pages\/33"}],"collection":[{"href":"https:\/\/forzaba.crmgu.ru\/en\/wp-json\/wp\/v2\/pages"}],"about":[{"href":"https:\/\/forzaba.crmgu.ru\/en\/wp-json\/wp\/v2\/types\/page"}],"author":[{"embeddable":true,"href":"https:\/\/forzaba.crmgu.ru\/en\/wp-json\/wp\/v2\/users\/1"}],"replies":[{"embeddable":true,"href":"https:\/\/forzaba.crmgu.ru\/en\/wp-json\/wp\/v2\/comments?post=33"}],"version-history":[{"count":18,"href":"https:\/\/forzaba.crmgu.ru\/en\/wp-json\/wp\/v2\/pages\/33\/revisions"}],"predecessor-version":[{"id":438,"href":"https:\/\/forzaba.crmgu.ru\/en\/wp-json\/wp\/v2\/pages\/33\/revisions\/438"}],"wp:attachment":[{"href":"https:\/\/forzaba.crmgu.ru\/en\/wp-json\/wp\/v2\/media?parent=33"}],"curies":[{"name":"wp","href":"https:\/\/api.w.org\/{rel}","templated":true}]}}