{"id":12,"date":"2018-07-16T13:09:03","date_gmt":"2018-07-16T13:09:03","guid":{"rendered":"http:\/\/10.11.12.14\/?page_id=12"},"modified":"2019-05-21T09:53:11","modified_gmt":"2019-05-21T09:53:11","slug":"repayments","status":"publish","type":"page","link":"https:\/\/forzaba.crmgu.ru\/en\/repayments\/","title":{"rendered":"Repayments"},"content":{"rendered":"<p>Four days before the maturity date of your loan, we will send you an SMS and e-mail to remind you to return the loan.<\/p>\n<p>Log in to your personal account to view the status of your current loan and download payment information.<\/p>\n<h3 class=\"extra-bold bump-top-md bump-bottom-sm\">How to Make a Repayment?<\/h3>\n<p>You can deposit your funds directly to one of our accounts. Your payment must contain the following information:<\/p>","protected":false},"excerpt":{"rendered":"<p>Four days before the maturity date of your loan, we will send you an SMS and e-mail to remind you to return the loan. Log in to your personal account to view the status of your current loan and download payment information. How to Make a Repayment? You can deposit your funds directly to one [&hellip;]<\/p>\n","protected":false},"author":1,"featured_media":0,"parent":0,"menu_order":14,"comment_status":"closed","ping_status":"closed","template":"page-dashboard-repayments.php","meta":[],"acf":[],"yoast_head":"<!-- This site is optimized with the Yoast SEO plugin v19.4 - https:\/\/yoast.com\/wordpress\/plugins\/seo\/ -->\n<title>Otplata pozajmice - Forza<\/title>\n<meta name=\"description\" content=\"Otplata pozajmice u Forzi jednostavna je ba\u0161 kao i podizanje brze pozajmice. Saznaj koji su uslovi otplate, te gdje i na koji na\u010din mo\u017eete izvr\u0161iti pla\u0107anje.\" \/>\n<meta name=\"robots\" content=\"index, follow, max-snippet:-1, max-image-preview:large, max-video-preview:-1\" \/>\n<link rel=\"canonical\" href=\"https:\/\/forzaba.crmgu.ru\/repayments\/\" \/>\n<meta property=\"og:locale\" content=\"en_US\" \/>\n<meta property=\"og:type\" content=\"article\" \/>\n<meta property=\"og:title\" content=\"Otplata pozajmice - Forza\" \/>\n<meta property=\"og:description\" content=\"Otplata pozajmice u Forzi jednostavna je ba\u0161 kao i podizanje brze pozajmice. Saznaj koji su uslovi otplate, te gdje i na koji na\u010din mo\u017eete izvr\u0161iti pla\u0107anje.\" \/>\n<meta property=\"og:url\" content=\"https:\/\/forzaba.crmgu.ru\/repayments\/\" \/>\n<meta property=\"og:site_name\" content=\"Forza\" \/>\n<meta property=\"article:modified_time\" content=\"2019-05-21T09:53:11+00:00\" \/>\n<meta name=\"twitter:card\" content=\"summary\" \/>\n<meta name=\"twitter:label1\" content=\"Est. reading time\" \/>\n\t<meta name=\"twitter:data1\" content=\"1 minute\" \/>\n<script type=\"application\/ld+json\" class=\"yoast-schema-graph\">{\"@context\":\"https:\/\/schema.org\",\"@graph\":[{\"@type\":\"WebSite\",\"@id\":\"https:\/\/forzaba.crmgu.ru\/#website\",\"url\":\"https:\/\/forzaba.crmgu.ru\/\",\"name\":\"Forza\",\"description\":\"Just another site\",\"potentialAction\":[{\"@type\":\"SearchAction\",\"target\":{\"@type\":\"EntryPoint\",\"urlTemplate\":\"https:\/\/forzaba.crmgu.ru\/?s={search_term_string}\"},\"query-input\":\"required name=search_term_string\"}],\"inLanguage\":\"en-US\"},{\"@type\":\"WebPage\",\"@id\":\"https:\/\/forzaba.crmgu.ru\/repayments\/\",\"url\":\"https:\/\/forzaba.crmgu.ru\/repayments\/\",\"name\":\"Otplata pozajmice - Forza\",\"isPartOf\":{\"@id\":\"https:\/\/forzaba.crmgu.ru\/#website\"},\"datePublished\":\"2018-07-16T13:09:03+00:00\",\"dateModified\":\"2019-05-21T09:53:11+00:00\",\"description\":\"Otplata pozajmice u Forzi jednostavna je ba\u0161 kao i podizanje brze pozajmice. Saznaj koji su uslovi otplate, te gdje i na koji na\u010din mo\u017eete izvr\u0161iti pla\u0107anje.\",\"breadcrumb\":{\"@id\":\"https:\/\/forzaba.crmgu.ru\/repayments\/#breadcrumb\"},\"inLanguage\":\"en-US\",\"potentialAction\":[{\"@type\":\"ReadAction\",\"target\":[\"https:\/\/forzaba.crmgu.ru\/repayments\/\"]}]},{\"@type\":\"BreadcrumbList\",\"@id\":\"https:\/\/forzaba.crmgu.ru\/repayments\/#breadcrumb\",\"itemListElement\":[{\"@type\":\"ListItem\",\"position\":1,\"name\":\"Home\",\"item\":\"https:\/\/forzaba.crmgu.ru\/\"},{\"@type\":\"ListItem\",\"position\":2,\"name\":\"Otplata pozajmice\"}]}]}<\/script>\n<!-- \/ Yoast SEO plugin. -->","yoast_head_json":{"title":"Otplata pozajmice - Forza","description":"Otplata pozajmice u Forzi jednostavna je ba\u0161 kao i podizanje brze pozajmice. Saznaj koji su uslovi otplate, te gdje i na koji na\u010din mo\u017eete izvr\u0161iti pla\u0107anje.","robots":{"index":"index","follow":"follow","max-snippet":"max-snippet:-1","max-image-preview":"max-image-preview:large","max-video-preview":"max-video-preview:-1"},"canonical":"https:\/\/forzaba.crmgu.ru\/repayments\/","og_locale":"en_US","og_type":"article","og_title":"Otplata pozajmice - Forza","og_description":"Otplata pozajmice u Forzi jednostavna je ba\u0161 kao i podizanje brze pozajmice. Saznaj koji su uslovi otplate, te gdje i na koji na\u010din mo\u017eete izvr\u0161iti pla\u0107anje.","og_url":"https:\/\/forzaba.crmgu.ru\/repayments\/","og_site_name":"Forza","article_modified_time":"2019-05-21T09:53:11+00:00","twitter_card":"summary","twitter_misc":{"Est. reading time":"1 minute"},"schema":{"@context":"https:\/\/schema.org","@graph":[{"@type":"WebSite","@id":"https:\/\/forzaba.crmgu.ru\/#website","url":"https:\/\/forzaba.crmgu.ru\/","name":"Forza","description":"Just another site","potentialAction":[{"@type":"SearchAction","target":{"@type":"EntryPoint","urlTemplate":"https:\/\/forzaba.crmgu.ru\/?s={search_term_string}"},"query-input":"required name=search_term_string"}],"inLanguage":"en-US"},{"@type":"WebPage","@id":"https:\/\/forzaba.crmgu.ru\/repayments\/","url":"https:\/\/forzaba.crmgu.ru\/repayments\/","name":"Otplata pozajmice - Forza","isPartOf":{"@id":"https:\/\/forzaba.crmgu.ru\/#website"},"datePublished":"2018-07-16T13:09:03+00:00","dateModified":"2019-05-21T09:53:11+00:00","description":"Otplata pozajmice u Forzi jednostavna je ba\u0161 kao i podizanje brze pozajmice. Saznaj koji su uslovi otplate, te gdje i na koji na\u010din mo\u017eete izvr\u0161iti pla\u0107anje.","breadcrumb":{"@id":"https:\/\/forzaba.crmgu.ru\/repayments\/#breadcrumb"},"inLanguage":"en-US","potentialAction":[{"@type":"ReadAction","target":["https:\/\/forzaba.crmgu.ru\/repayments\/"]}]},{"@type":"BreadcrumbList","@id":"https:\/\/forzaba.crmgu.ru\/repayments\/#breadcrumb","itemListElement":[{"@type":"ListItem","position":1,"name":"Home","item":"https:\/\/forzaba.crmgu.ru\/"},{"@type":"ListItem","position":2,"name":"Otplata pozajmice"}]}]}},"_links":{"self":[{"href":"https:\/\/forzaba.crmgu.ru\/en\/wp-json\/wp\/v2\/pages\/12"}],"collection":[{"href":"https:\/\/forzaba.crmgu.ru\/en\/wp-json\/wp\/v2\/pages"}],"about":[{"href":"https:\/\/forzaba.crmgu.ru\/en\/wp-json\/wp\/v2\/types\/page"}],"author":[{"embeddable":true,"href":"https:\/\/forzaba.crmgu.ru\/en\/wp-json\/wp\/v2\/users\/1"}],"replies":[{"embeddable":true,"href":"https:\/\/forzaba.crmgu.ru\/en\/wp-json\/wp\/v2\/comments?post=12"}],"version-history":[{"count":14,"href":"https:\/\/forzaba.crmgu.ru\/en\/wp-json\/wp\/v2\/pages\/12\/revisions"}],"predecessor-version":[{"id":678,"href":"https:\/\/forzaba.crmgu.ru\/en\/wp-json\/wp\/v2\/pages\/12\/revisions\/678"}],"wp:attachment":[{"href":"https:\/\/forzaba.crmgu.ru\/en\/wp-json\/wp\/v2\/media?parent=12"}],"curies":[{"name":"wp","href":"https:\/\/api.w.org\/{rel}","templated":true}]}}