{"id":10,"date":"2018-07-16T13:08:55","date_gmt":"2018-07-16T13:08:55","guid":{"rendered":"http:\/\/10.11.12.14\/?page_id=10"},"modified":"2019-05-16T07:34:44","modified_gmt":"2019-05-16T07:34:44","slug":"faq-page","status":"publish","type":"page","link":"https:\/\/forzaba.crmgu.ru\/en\/faq-page\/","title":{"rendered":"Frequently Asked Questions"},"content":{"rendered":"","protected":false},"excerpt":{"rendered":"","protected":false},"author":1,"featured_media":0,"parent":0,"menu_order":30,"comment_status":"closed","ping_status":"closed","template":"page-faq.php","meta":[],"acf":[],"yoast_head":"<!-- This site is optimized with the Yoast SEO plugin v19.4 - https:\/\/yoast.com\/wordpress\/plugins\/seo\/ -->\n<title>\u010cesto postavljana pitanja - Forza<\/title>\n<meta name=\"description\" content=\"Odgovorili smo na naj\u010de\u0161\u0107e postavljana pitanja vezana za Forza kratkoro\u010dne pozajmice i objasnili kako izgleda proces apliciranja, podizanja i otplate.\" \/>\n<meta name=\"robots\" content=\"index, follow, max-snippet:-1, max-image-preview:large, max-video-preview:-1\" \/>\n<link rel=\"canonical\" href=\"https:\/\/forzaba.crmgu.ru\/faq-page\/\" \/>\n<meta property=\"og:locale\" content=\"en_US\" \/>\n<meta property=\"og:type\" content=\"article\" \/>\n<meta property=\"og:title\" content=\"\u010cesto postavljana pitanja - Forza\" \/>\n<meta property=\"og:description\" content=\"Odgovorili smo na naj\u010de\u0161\u0107e postavljana pitanja vezana za Forza kratkoro\u010dne pozajmice i objasnili kako izgleda proces apliciranja, podizanja i otplate.\" \/>\n<meta property=\"og:url\" content=\"https:\/\/forzaba.crmgu.ru\/faq-page\/\" \/>\n<meta property=\"og:site_name\" content=\"Forza\" \/>\n<meta property=\"article:modified_time\" content=\"2019-05-16T07:34:44+00:00\" \/>\n<meta name=\"twitter:card\" content=\"summary\" \/>\n<script type=\"application\/ld+json\" class=\"yoast-schema-graph\">{\"@context\":\"https:\/\/schema.org\",\"@graph\":[{\"@type\":\"WebSite\",\"@id\":\"https:\/\/forzaba.crmgu.ru\/#website\",\"url\":\"https:\/\/forzaba.crmgu.ru\/\",\"name\":\"Forza\",\"description\":\"Just another site\",\"potentialAction\":[{\"@type\":\"SearchAction\",\"target\":{\"@type\":\"EntryPoint\",\"urlTemplate\":\"https:\/\/forzaba.crmgu.ru\/?s={search_term_string}\"},\"query-input\":\"required name=search_term_string\"}],\"inLanguage\":\"en-US\"},{\"@type\":\"WebPage\",\"@id\":\"https:\/\/forzaba.crmgu.ru\/faq-page\/\",\"url\":\"https:\/\/forzaba.crmgu.ru\/faq-page\/\",\"name\":\"\u010cesto postavljana pitanja - Forza\",\"isPartOf\":{\"@id\":\"https:\/\/forzaba.crmgu.ru\/#website\"},\"datePublished\":\"2018-07-16T13:08:55+00:00\",\"dateModified\":\"2019-05-16T07:34:44+00:00\",\"description\":\"Odgovorili smo na naj\u010de\u0161\u0107e postavljana pitanja vezana za Forza kratkoro\u010dne pozajmice i objasnili kako izgleda proces apliciranja, podizanja i otplate.\",\"breadcrumb\":{\"@id\":\"https:\/\/forzaba.crmgu.ru\/faq-page\/#breadcrumb\"},\"inLanguage\":\"en-US\",\"potentialAction\":[{\"@type\":\"ReadAction\",\"target\":[\"https:\/\/forzaba.crmgu.ru\/faq-page\/\"]}]},{\"@type\":\"BreadcrumbList\",\"@id\":\"https:\/\/forzaba.crmgu.ru\/faq-page\/#breadcrumb\",\"itemListElement\":[{\"@type\":\"ListItem\",\"position\":1,\"name\":\"Home\",\"item\":\"https:\/\/forzaba.crmgu.ru\/\"},{\"@type\":\"ListItem\",\"position\":2,\"name\":\"\u010cesto postavljana pitanja\"}]}]}<\/script>\n<!-- \/ Yoast SEO plugin. -->","yoast_head_json":{"title":"\u010cesto postavljana pitanja - Forza","description":"Odgovorili smo na naj\u010de\u0161\u0107e postavljana pitanja vezana za Forza kratkoro\u010dne pozajmice i objasnili kako izgleda proces apliciranja, podizanja i otplate.","robots":{"index":"index","follow":"follow","max-snippet":"max-snippet:-1","max-image-preview":"max-image-preview:large","max-video-preview":"max-video-preview:-1"},"canonical":"https:\/\/forzaba.crmgu.ru\/faq-page\/","og_locale":"en_US","og_type":"article","og_title":"\u010cesto postavljana pitanja - Forza","og_description":"Odgovorili smo na naj\u010de\u0161\u0107e postavljana pitanja vezana za Forza kratkoro\u010dne pozajmice i objasnili kako izgleda proces apliciranja, podizanja i otplate.","og_url":"https:\/\/forzaba.crmgu.ru\/faq-page\/","og_site_name":"Forza","article_modified_time":"2019-05-16T07:34:44+00:00","twitter_card":"summary","schema":{"@context":"https:\/\/schema.org","@graph":[{"@type":"WebSite","@id":"https:\/\/forzaba.crmgu.ru\/#website","url":"https:\/\/forzaba.crmgu.ru\/","name":"Forza","description":"Just another site","potentialAction":[{"@type":"SearchAction","target":{"@type":"EntryPoint","urlTemplate":"https:\/\/forzaba.crmgu.ru\/?s={search_term_string}"},"query-input":"required name=search_term_string"}],"inLanguage":"en-US"},{"@type":"WebPage","@id":"https:\/\/forzaba.crmgu.ru\/faq-page\/","url":"https:\/\/forzaba.crmgu.ru\/faq-page\/","name":"\u010cesto postavljana pitanja - Forza","isPartOf":{"@id":"https:\/\/forzaba.crmgu.ru\/#website"},"datePublished":"2018-07-16T13:08:55+00:00","dateModified":"2019-05-16T07:34:44+00:00","description":"Odgovorili smo na naj\u010de\u0161\u0107e postavljana pitanja vezana za Forza kratkoro\u010dne pozajmice i objasnili kako izgleda proces apliciranja, podizanja i otplate.","breadcrumb":{"@id":"https:\/\/forzaba.crmgu.ru\/faq-page\/#breadcrumb"},"inLanguage":"en-US","potentialAction":[{"@type":"ReadAction","target":["https:\/\/forzaba.crmgu.ru\/faq-page\/"]}]},{"@type":"BreadcrumbList","@id":"https:\/\/forzaba.crmgu.ru\/faq-page\/#breadcrumb","itemListElement":[{"@type":"ListItem","position":1,"name":"Home","item":"https:\/\/forzaba.crmgu.ru\/"},{"@type":"ListItem","position":2,"name":"\u010cesto postavljana pitanja"}]}]}},"_links":{"self":[{"href":"https:\/\/forzaba.crmgu.ru\/en\/wp-json\/wp\/v2\/pages\/10"}],"collection":[{"href":"https:\/\/forzaba.crmgu.ru\/en\/wp-json\/wp\/v2\/pages"}],"about":[{"href":"https:\/\/forzaba.crmgu.ru\/en\/wp-json\/wp\/v2\/types\/page"}],"author":[{"embeddable":true,"href":"https:\/\/forzaba.crmgu.ru\/en\/wp-json\/wp\/v2\/users\/1"}],"replies":[{"embeddable":true,"href":"https:\/\/forzaba.crmgu.ru\/en\/wp-json\/wp\/v2\/comments?post=10"}],"version-history":[{"count":5,"href":"https:\/\/forzaba.crmgu.ru\/en\/wp-json\/wp\/v2\/pages\/10\/revisions"}],"predecessor-version":[{"id":676,"href":"https:\/\/forzaba.crmgu.ru\/en\/wp-json\/wp\/v2\/pages\/10\/revisions\/676"}],"wp:attachment":[{"href":"https:\/\/forzaba.crmgu.ru\/en\/wp-json\/wp\/v2\/media?parent=10"}],"curies":[{"name":"wp","href":"https:\/\/api.w.org\/{rel}","templated":true}]}}